{"id":2679,"date":"2020-10-28T17:47:31","date_gmt":"2020-10-28T16:47:31","guid":{"rendered":"https:\/\/sdrceramiche.it\/collections\/washbasins\/"},"modified":"2026-02-13T10:00:37","modified_gmt":"2026-02-13T09:00:37","slug":"washbasins","status":"publish","type":"page","link":"https:\/\/sdrceramiche.it\/en\/collections\/washbasins\/","title":{"rendered":"Washbasins"},"content":{"rendered":"\n<div class=\"slider-wrapper relative\" id=\"slider-1806038013\" >\n    <div class=\"slider slider-nav-circle slider-nav-large slider-nav-light slider-style-normal\"\n        data-flickity-options='{\n            \"cellAlign\": \"center\",\n            \"imagesLoaded\": true,\n            \"lazyLoad\": 1,\n            \"freeScroll\": false,\n            \"wrapAround\": true,\n            \"autoPlay\": 6000,\n            \"pauseAutoPlayOnHover\" : true,\n            \"prevNextButtons\": true,\n            \"contain\" : true,\n            \"adaptiveHeight\" : true,\n            \"dragThreshold\" : 10,\n            \"percentPosition\": true,\n            \"pageDots\": true,\n            \"rightToLeft\": false,\n            \"draggable\": true,\n            \"selectedAttraction\": 0.1,\n            \"parallax\" : 0,\n            \"friction\": 0.6        }'\n        >\n        \n\n\n  <div class=\"banner has-hover is-full-height\" id=\"banner-154346570\">\n          <div class=\"banner-inner fill\">\n        <div class=\"banner-bg fill\" >\n            <img loading=\"lazy\" decoding=\"async\" width=\"1893\" height=\"1244\" src=\"https:\/\/sdrceramiche.it\/wp-content\/uploads\/2022\/03\/lavabi.jpg\" class=\"bg attachment-original size-original\" alt=\"\" \/>                                    \n                    <\/div>\n\t\t\n        <div class=\"banner-layers container\">\n            <div class=\"fill banner-link\"><\/div>            \n\n   <div id=\"text-box-453522764\" class=\"text-box banner-layer x100 md-x100 lg-x100 y50 md-y50 lg-y50 res-text\">\n                     <div data-animate=\"fadeInRight\">           <div class=\"text-box-content text dark\">\n              \n              <div class=\"text-inner text-left\">\n                  \n\n<h1 class=\"uppercase\"><span style=\"font-size: 700%;\">L<br \/><\/span>\u00a0#lavabi<\/h1>\n<h6>\u00a0 \u00a0 + Caratteristiche<\/h6>\n\n              <\/div>\n           <\/div>\n       <\/div>                     \n<style>\n#text-box-453522764 {\n  width: 50%;\n}\n#text-box-453522764 .text-box-content {\n  font-size: 100%;\n}\n@media (min-width:550px) {\n  #text-box-453522764 {\n    width: 30%;\n  }\n}\n<\/style>\n    <\/div>\n \n\n        <\/div>\n      <\/div>\n\n            \n<style>\n#banner-154346570 {\n  padding-top: 100%;\n}\n#banner-154346570 .banner-bg img {\n  object-position: 49% 47%;\n}\n<\/style>\n  <\/div>\n\n\n\n     <\/div>\n\n     <div class=\"loading-spin dark large centered\"><\/div>\n\n\t<\/div>\n\n\n\n\t<section class=\"section\" id=\"section_339363654\">\n\t\t<div class=\"section-bg fill\" >\n\t\t\t\t\t\t\t\t\t\n\t\t\t\n\n\t\t<\/div>\n\n\t\t\n\n\t\t<div class=\"section-content relative\">\n\t\t\t\n\n\n\t\t<\/div>\n\n\t\t\n<style>\n#section_339363654 {\n  padding-top: 30px;\n  padding-bottom: 30px;\n}\n<\/style>\n\t<\/section>\n\t\n\n\t<section class=\"section\" id=\"section_865438817\">\n\t\t<div class=\"section-bg fill\" >\n\t\t\t\t\t\t\t\t\t\n\t\t\t\n\n\t\t<\/div>\n\n\t\t\n\n\t\t<div class=\"section-content relative\">\n\t\t\t\n\n<div class=\"row\"  id=\"row-1732907157\">\n\n\n\t<div id=\"col-2090468255\" class=\"col medium-5 small-12 large-5\"  >\n\t\t\t\t<div class=\"col-inner\"  >\n\t\t\t\n\t\t\t\n\n\t<div class=\"img has-hover x md-x lg-x y md-y lg-y\" id=\"image_1093593706\">\n\t\t<a class=\"\" href=\"https:\/\/sdrceramiche.it\/en\/collections\/washbasins\/ceramic-washbasins\/\" >\t\t\t\t\t\t<div class=\"img-inner dark\" >\n\t\t\t<img loading=\"lazy\" decoding=\"async\" width=\"724\" height=\"1024\" src=\"https:\/\/sdrceramiche.it\/wp-content\/uploads\/2020\/12\/A4_BULL_TERRA_LAVABO.jpg\" class=\"attachment-large size-large\" alt=\"\" srcset=\"https:\/\/sdrceramiche.it\/wp-content\/uploads\/2020\/12\/A4_BULL_TERRA_LAVABO.jpg 724w, https:\/\/sdrceramiche.it\/wp-content\/uploads\/2020\/12\/A4_BULL_TERRA_LAVABO-212x300.jpg 212w, https:\/\/sdrceramiche.it\/wp-content\/uploads\/2020\/12\/A4_BULL_TERRA_LAVABO-600x849.jpg 600w\" sizes=\"auto, (max-width: 724px) 100vw, 724px\" \/>\t\t\t\t\t\t\n\t\t\t\t\t<\/div>\n\t\t\t\t\t\t<\/a>\t\t\n<style>\n#image_1093593706 {\n  width: 100%;\n}\n<\/style>\n\t<\/div>\n\t\n\n\n\t\t<\/div>\n\t\t\t\t\n<style>\n#col-2090468255 > .col-inner {\n  margin: -150px 0px 0px 0px;\n}\n<\/style>\n\t<\/div>\n\n\t\n\n\t<div id=\"col-1129929180\" class=\"col medium-6 small-12 large-6\"  >\n\t\t\t\t<div class=\"col-inner text-right\"  >\n\t\t\t\n\t\t\t\n\n\t<div class=\"img has-hover x md-x lg-x y md-y lg-y\" id=\"image_179966770\">\n\t\t\t\t\t\t\t\t<div class=\"img-inner dark\" >\n\t\t\t<img loading=\"lazy\" decoding=\"async\" width=\"415\" height=\"416\" src=\"https:\/\/sdrceramiche.it\/wp-content\/uploads\/2020\/09\/fatto-a-mano.png\" class=\"attachment-large size-large\" alt=\"\" srcset=\"https:\/\/sdrceramiche.it\/wp-content\/uploads\/2020\/09\/fatto-a-mano.png 415w, https:\/\/sdrceramiche.it\/wp-content\/uploads\/2020\/09\/fatto-a-mano-300x300.png 300w, https:\/\/sdrceramiche.it\/wp-content\/uploads\/2020\/09\/fatto-a-mano-150x150.png 150w, https:\/\/sdrceramiche.it\/wp-content\/uploads\/2020\/09\/fatto-a-mano-100x100.png 100w\" sizes=\"auto, (max-width: 415px) 100vw, 415px\" \/>\t\t\t\t\t\t\n\t\t\t\t\t<\/div>\n\t\t\t\t\t\t\t\t\n<style>\n#image_179966770 {\n  width: 14%;\n}\n<\/style>\n\t<\/div>\n\t\n\n<h2 style=\"text-align: left;\">Lavabi in ceramica<\/h2>\n<p style=\"text-align: left;\">Linee morbide che caratterizzano tante forme diverse per soddisfare le esigenze pratiche e caratterizzare la stanza da bagno. Nuovi materiali si aggiungono alla ceramica per creare nuove sensazioni e nuove ambientazioni. La collezione FLAT e QUBE sono realizzate seguendo le tendenze pi\u00f9 moderne. La ceramica raggiunge spessori mai realizzati prima, grazie al bordo da 5mm che gli conferisce una leggerezza unica.<\/p>\n<a href=\"https:\/\/sdrceramiche.it\/en\/collections\/washbasins\/ceramic-washbasins\/\" class=\"button primary\"  >\n\t\t<span>Mostra tutti<\/span>\n\t<\/a>\n\n\n\n\t\t<\/div>\n\t\t\t\t\t<\/div>\n\n\t\n\n<\/div>\n\n\t\t<\/div>\n\n\t\t\n<style>\n#section_865438817 {\n  padding-top: 30px;\n  padding-bottom: 30px;\n  background-color: rgb(248, 248, 248);\n}\n<\/style>\n\t<\/section>\n\t\n\n\t<section class=\"section\" id=\"section_428883702\">\n\t\t<div class=\"section-bg fill\" >\n\t\t\t\t\t\t\t\t\t\n\t\t\t\n\n\t\t<\/div>\n\n\t\t\n\n\t\t<div class=\"section-content relative\">\n\t\t\t\n\n<div class=\"row\"  id=\"row-2104995865\">\n\n\n\t<div id=\"col-446635778\" class=\"col medium-6 small-12 large-6\"  >\n\t\t\t\t<div class=\"col-inner text-left\"  >\n\t\t\t\n\t\t\t\n\n\t<div class=\"img has-hover x md-x lg-x y md-y lg-y\" id=\"image_1506198417\">\n\t\t\t\t\t\t\t\t<div class=\"img-inner dark\" >\n\t\t\t<img loading=\"lazy\" decoding=\"async\" width=\"415\" height=\"416\" src=\"https:\/\/sdrceramiche.it\/wp-content\/uploads\/2020\/09\/fatto-a-mano.png\" class=\"attachment-large size-large\" alt=\"\" srcset=\"https:\/\/sdrceramiche.it\/wp-content\/uploads\/2020\/09\/fatto-a-mano.png 415w, https:\/\/sdrceramiche.it\/wp-content\/uploads\/2020\/09\/fatto-a-mano-300x300.png 300w, https:\/\/sdrceramiche.it\/wp-content\/uploads\/2020\/09\/fatto-a-mano-150x150.png 150w, https:\/\/sdrceramiche.it\/wp-content\/uploads\/2020\/09\/fatto-a-mano-100x100.png 100w\" sizes=\"auto, (max-width: 415px) 100vw, 415px\" \/>\t\t\t\t\t\t\n\t\t\t\t\t<\/div>\n\t\t\t\t\t\t\t\t\n<style>\n#image_1506198417 {\n  width: 14%;\n}\n<\/style>\n\t<\/div>\n\t\n\n<h2 style=\"text-align: left;\">Lavabi Livin-stone (Solid Surface)<\/h2>\n<p style=\"text-align: left;\">Derivato dalla selezione di materie prime di primissima qualit\u00e0, componente principale \u00e8 una carica minerale naturale denominata, tri-idrato di alluminio (ATH), minerale derivato dalla Bauxite, legata da una bassa percentuale di materia \u201cacrilatata\u201d che le conferisce malleabilit\u00e0 e lavorabilit\u00e0 \u00e8 un materiale studiato per soddisfare i pi\u00f9 alti standard di qualit\u00e0 tecnologica e impatto ambientale.<\/p>\n<a href=\"https:\/\/sdrceramiche.it\/en\/collections\/washbasins\/solid-surface-washbasins\/\" class=\"button primary\"  >\n\t\t<span>Mostra tutti<\/span>\n\t<\/a>\n\n\n\n\t\t<\/div>\n\t\t\t\t\t<\/div>\n\n\t\n\n\t<div id=\"col-700884938\" class=\"col medium-5 small-12 large-5 small-col-first\"  >\n\t\t\t\t<div class=\"col-inner\"  >\n\t\t\t\n\t\t\t\n\n\t<div class=\"img has-hover x md-x lg-x y md-y lg-y\" id=\"image_1626726392\">\n\t\t<a class=\"\" href=\"https:\/\/sdrceramiche.it\/en\/collections\/washbasins\/solid-surface-washbasins\/\" >\t\t\t\t\t\t<div class=\"img-inner dark\" >\n\t\t\t<img loading=\"lazy\" decoding=\"async\" width=\"724\" height=\"1024\" src=\"https:\/\/sdrceramiche.it\/wp-content\/uploads\/2022\/03\/lavabo-livinstone.jpg\" class=\"attachment-large size-large\" alt=\"\" srcset=\"https:\/\/sdrceramiche.it\/wp-content\/uploads\/2022\/03\/lavabo-livinstone.jpg 724w, https:\/\/sdrceramiche.it\/wp-content\/uploads\/2022\/03\/lavabo-livinstone-212x300.jpg 212w, https:\/\/sdrceramiche.it\/wp-content\/uploads\/2022\/03\/lavabo-livinstone-600x849.jpg 600w\" sizes=\"auto, (max-width: 724px) 100vw, 724px\" \/>\t\t\t\t\t\t\n\t\t\t\t\t<\/div>\n\t\t\t\t\t\t<\/a>\t\t\n<style>\n#image_1626726392 {\n  width: 100%;\n}\n<\/style>\n\t<\/div>\n\t\n\n\n\t\t<\/div>\n\t\t\t\t\n<style>\n#col-700884938 > .col-inner {\n  margin: -10px 0px 0px 0px;\n}\n@media (min-width:550px) {\n  #col-700884938 > .col-inner {\n    margin: -150px 0px 0px 0px;\n  }\n}\n<\/style>\n\t<\/div>\n\n\t\n\n<\/div>\n\n\t\t<\/div>\n\n\t\t\n<style>\n#section_428883702 {\n  padding-top: 30px;\n  padding-bottom: 30px;\n}\n<\/style>\n\t<\/section>\n\t\n\n","protected":false},"excerpt":{"rendered":"","protected":false},"author":2,"featured_media":0,"parent":2674,"menu_order":0,"comment_status":"closed","ping_status":"closed","template":"page-transparent-header.php","meta":{"_acf_changed":false,"footnotes":""},"class_list":["post-2679","page","type-page","status-publish","hentry"],"acf":[],"_links":{"self":[{"href":"https:\/\/sdrceramiche.it\/en\/wp-json\/wp\/v2\/pages\/2679","targetHints":{"allow":["GET"]}}],"collection":[{"href":"https:\/\/sdrceramiche.it\/en\/wp-json\/wp\/v2\/pages"}],"about":[{"href":"https:\/\/sdrceramiche.it\/en\/wp-json\/wp\/v2\/types\/page"}],"author":[{"embeddable":true,"href":"https:\/\/sdrceramiche.it\/en\/wp-json\/wp\/v2\/users\/2"}],"replies":[{"embeddable":true,"href":"https:\/\/sdrceramiche.it\/en\/wp-json\/wp\/v2\/comments?post=2679"}],"version-history":[{"count":16,"href":"https:\/\/sdrceramiche.it\/en\/wp-json\/wp\/v2\/pages\/2679\/revisions"}],"predecessor-version":[{"id":8537,"href":"https:\/\/sdrceramiche.it\/en\/wp-json\/wp\/v2\/pages\/2679\/revisions\/8537"}],"up":[{"embeddable":true,"href":"https:\/\/sdrceramiche.it\/en\/wp-json\/wp\/v2\/pages\/2674"}],"wp:attachment":[{"href":"https:\/\/sdrceramiche.it\/en\/wp-json\/wp\/v2\/media?parent=2679"}],"curies":[{"name":"wp","href":"https:\/\/api.w.org\/{rel}","templated":true}]}}