{"id":2683,"date":"2020-09-15T16:00:51","date_gmt":"2020-09-15T14:00:51","guid":{"rendered":"https:\/\/sdrceramiche.it\/collections\/revolution\/"},"modified":"2025-12-22T10:29:05","modified_gmt":"2025-12-22T09:29:05","slug":"revolution","status":"publish","type":"page","link":"https:\/\/sdrceramiche.it\/en\/collections\/revolution\/","title":{"rendered":"Revolution"},"content":{"rendered":"\n\n  <div class=\"banner has-hover is-full-height\" id=\"banner-2030114906\">\n          <div class=\"banner-inner fill\">\n        <div class=\"banner-bg fill\" >\n            <img loading=\"lazy\" decoding=\"async\" width=\"1920\" height=\"1261\" src=\"https:\/\/sdrceramiche.it\/wp-content\/uploads\/2023\/10\/sanitari-revolution.jpg\" class=\"bg attachment-original size-original\" alt=\"\" \/>                                    \n                    <\/div>\n\t\t\n        <div class=\"banner-layers container\">\n            <div class=\"fill banner-link\"><\/div>            \n\n   <div id=\"text-box-1679139452\" class=\"text-box banner-layer x90 md-x90 lg-x90 y50 md-y50 lg-y50 res-text\">\n                     <div data-animate=\"fadeInRight\">           <div class=\"text-box-content text dark\">\n              \n              <div class=\"text-inner text-left\">\n                  \n\n<h1 class=\"uppercase\"><span style=\"font-size: 700%;\"><strong>R<br \/><\/strong><\/span><\/h1>\n<h1>&nbsp;#REVOLUTION<\/h1>\n<h6>&nbsp; &nbsp; <a href=\"#revolution\">+ caratteristiche<\/a><\/h6>\n\n              <\/div>\n           <\/div>\n       <\/div>                     \n<style>\n#text-box-1679139452 {\n  width: 60%;\n}\n#text-box-1679139452 .text-box-content {\n  font-size: 100%;\n}\n@media (min-width:550px) {\n  #text-box-1679139452 {\n    width: 27%;\n  }\n}\n<\/style>\n    <\/div>\n \n\n        <\/div>\n      <\/div>\n\n            \n<style>\n#banner-2030114906 {\n  padding-top: 100%;\n}\n#banner-2030114906 .banner-bg img {\n  object-position: 6% 44%;\n}\n<\/style>\n  <\/div>\n\n\n<span class=\"scroll-to\" data-label=\"Scroll to: #revolution\" data-bullet=\"false\" data-link=\"#revolution\" data-title=\"Revolution\" ><a name=\"revolution\"><\/a><\/span>\n\n\n\t<section class=\"section\" id=\"section_1264754698\">\n\t\t<div class=\"section-bg fill\" >\n\t\t\t\t\t\t\t\t\t\n\t\t\t\n\n\t\t<\/div>\n\n\t\t\n\n\t\t<div class=\"section-content relative\">\n\t\t\t\n\n\n\t\t<\/div>\n\n\t\t\n<style>\n#section_1264754698 {\n  padding-top: 30px;\n  padding-bottom: 30px;\n}\n<\/style>\n\t<\/section>\n\t\n\n\t<section class=\"section\" id=\"section_1997101445\">\n\t\t<div class=\"section-bg fill\" >\n\t\t\t\t\t\t\t\t\t\n\t\t\t\n\n\t\t<\/div>\n\n\t\t\n\n\t\t<div class=\"section-content relative\">\n\t\t\t\n\n<div class=\"row\"  id=\"row-144424004\">\n\n\n\t<div id=\"col-763080646\" class=\"col medium-5 small-12 large-5\"  >\n\t\t\t\t<div class=\"col-inner\"  >\n\t\t\t\n\t\t\t\n\n\t<div class=\"img has-hover x md-x lg-x y md-y lg-y\" id=\"image_1330057128\">\n\t\t\t\t\t\t\t\t<div class=\"img-inner dark\" >\n\t\t\t<img loading=\"lazy\" decoding=\"async\" width=\"724\" height=\"1024\" src=\"https:\/\/sdrceramiche.it\/wp-content\/uploads\/2023\/10\/revolution-aloe.jpg\" class=\"attachment-large size-large\" alt=\"\" srcset=\"https:\/\/sdrceramiche.it\/wp-content\/uploads\/2023\/10\/revolution-aloe.jpg 724w, https:\/\/sdrceramiche.it\/wp-content\/uploads\/2023\/10\/revolution-aloe-354x500.jpg 354w, https:\/\/sdrceramiche.it\/wp-content\/uploads\/2023\/10\/revolution-aloe-600x849.jpg 600w\" sizes=\"auto, (max-width: 724px) 100vw, 724px\" \/>\t\t\t\t\t\t\n\t\t\t\t\t<\/div>\n\t\t\t\t\t\t\t\t\n<style>\n#image_1330057128 {\n  width: 100%;\n}\n<\/style>\n\t<\/div>\n\t\n\n\n\t\t<\/div>\n\t\t\t\t\n<style>\n#col-763080646 > .col-inner {\n  margin: -150px 0px 0px 0px;\n}\n<\/style>\n\t<\/div>\n\n\t\n\n\t<div id=\"col-1801015244\" class=\"col medium-6 small-12 large-6\"  >\n\t\t\t\t<div class=\"col-inner text-right\"  >\n\t\t\t\n\t\t\t\n\n\t<div class=\"img has-hover x md-x lg-x y md-y lg-y\" id=\"image_1894187393\">\n\t\t\t\t\t\t\t\t<div class=\"img-inner dark\" >\n\t\t\t<img loading=\"lazy\" decoding=\"async\" width=\"415\" height=\"416\" src=\"https:\/\/sdrceramiche.it\/wp-content\/uploads\/2020\/09\/fatto-a-mano.png\" class=\"attachment-large size-large\" alt=\"\" srcset=\"https:\/\/sdrceramiche.it\/wp-content\/uploads\/2020\/09\/fatto-a-mano.png 415w, https:\/\/sdrceramiche.it\/wp-content\/uploads\/2020\/09\/fatto-a-mano-300x300.png 300w, https:\/\/sdrceramiche.it\/wp-content\/uploads\/2020\/09\/fatto-a-mano-150x150.png 150w, https:\/\/sdrceramiche.it\/wp-content\/uploads\/2020\/09\/fatto-a-mano-100x100.png 100w\" sizes=\"auto, (max-width: 415px) 100vw, 415px\" \/>\t\t\t\t\t\t\n\t\t\t\t\t<\/div>\n\t\t\t\t\t\t\t\t\n<style>\n#image_1894187393 {\n  width: 14%;\n}\n<\/style>\n\t<\/div>\n\t\n\n<h2 style=\"text-align: left;\">Perch\u00e9 il bagno deve essere solo in ceramica?<\/h2>\n<p style=\"text-align: left;\">I PRIMI SANITARI IN (LIVIN-STONE\u00ae) SOLID SURFACE<br \/>Derivato dalla selezione di materie prime di primissima qualit\u00e0, componente principale \u00e8 una carica minerale naturale denominata, triidrato di alluminio (ATH), minerale derivato dalla Bauxite, legata da una bassa percentuale di materia \u201cacrilatata\u201d che le conferisce malleabilit\u00e0 e lavorabilit\u00e0. \u00c8 un materiale studiato per soddisfare i pi\u00f9 alti standard di qualit\u00e0 tecnologia e impatto ambientale, \u00e8: VERSATILE: \u00e8 un materiale ad alte prestazioni funzionali ed estetiche. RAFFINATO: la superficie \u00e8 solida (solid surface) omogenea, non porosa ed estremamente liscia. Oltre a trasmettere senso estetico e di purezza, \u00e8 facile da pulire, non ingiallisce e il colore non perde tono nel tempo. PREGIATO: \u00e8 completamente atossico, antibatterico, inerte, ipoallergenico, ignifugo. E inoltre si pu\u00f2 facilmente ripristinare, e riciclare rientrando cos\u00ec tra quei materiali definiti \u201ceco-compatibili\u201d.<\/p>\n<h5 style=\"text-align: left;\"><strong>Carattteristiche e colori disponibili:<\/strong><\/h5>\n<p style=\"text-align: left;\">La collezione si compone di wc e bidet sospesi, lavabi e vasche da bagno ed \u00e8 proposta in 4 differenti colorazioni dedicate: Cotone, Camelia, Avio ed Aloe.<\/p>\n\n\t\t<\/div>\n\t\t\t\t\t<\/div>\n\n\t\n\n<\/div>\n\t<div id=\"gap-887986984\" class=\"gap-element clearfix\" style=\"display:block; height:auto;\">\n\t\t\n<style>\n#gap-887986984 {\n  padding-top: 60px;\n}\n<\/style>\n\t<\/div>\n\t\n\n<div class=\"row\"  id=\"row-1008871022\">\n\n\n\t<div id=\"col-1437018442\" class=\"col medium-4 small-12 large-4\"  >\n\t\t\t\t<div class=\"col-inner\"  >\n\t\t\t\n\t\t\t\n\n\n\t\t<div class=\"icon-box featured-box icon-box-top text-left\"  >\n\t\t\t\t\t<div class=\"icon-box-img\" style=\"width: 84px\">\n\t\t\t\t<div class=\"icon\">\n\t\t\t\t\t<div class=\"icon-inner\" >\n\t\t\t\t\t\t<img loading=\"lazy\" decoding=\"async\" width=\"364\" height=\"364\" src=\"https:\/\/sdrceramiche.it\/wp-content\/uploads\/2023\/11\/anitbatterico.png\" class=\"attachment-medium size-medium\" alt=\"\" srcset=\"https:\/\/sdrceramiche.it\/wp-content\/uploads\/2023\/11\/anitbatterico.png 364w, https:\/\/sdrceramiche.it\/wp-content\/uploads\/2023\/11\/anitbatterico-300x300.png 300w, https:\/\/sdrceramiche.it\/wp-content\/uploads\/2023\/11\/anitbatterico-100x100.png 100w, https:\/\/sdrceramiche.it\/wp-content\/uploads\/2023\/11\/anitbatterico-50x50.png 50w\" sizes=\"auto, (max-width: 364px) 100vw, 364px\" \/>\t\t\t\t\t<\/div>\n\t\t\t\t<\/div>\n\t\t\t<\/div>\n\t\t\t\t<div class=\"icon-box-text last-reset\">\n\t\t\t\t\t\t\t\t\t\n\n<h1>Sanitari antibatterici<\/h1>\n<p>REVOLUTION\u00ae, il primo sanitario in Livin-Stone\u00ae, materiale durevole e facile da pulire e inoltre dotato di attivit\u00e0 antibatterica.<\/p>\n<p>Conforme alla norma ISO 22196:201 \u201cMEASUREMENT OF ANTIBACTERIAL ACTIVITY ON PLASTIC AND OTHER NON-POROUS SURFACES\u201d. Questo rende Revolution\u00ae, gi\u00e0 di per s\u00e9 innovativo, ancora pi\u00f9 all\u2019avanguardia.<\/p>\n<p>CURA E MANUTENZIONE QUOTIDIANA Si consiglia di pulire la superficie utilizzando una spugna morbida con detergente anticalcare liquido e cremoso (Viacal\u00ae, Ajax\u00ae, Cif\u00ae) o anche uno sgrassatore.<\/p>\n<p>In generale, tutti gli sgrassatori universali sono adatti per la pulizia quotidiana delle superfici purch\u00e9 non contengano brillantanti, cere o altri componenti troppo aggressivi.<\/p>\n\n\t\t<\/div>\n\t<\/div>\n\t\n\t\n\n\t\t<\/div>\n\t\t\t\t\t<\/div>\n\n\t\n\n\t<div id=\"col-141588037\" class=\"col medium-4 small-12 large-4\"  >\n\t\t\t\t<div class=\"col-inner\"  >\n\t\t\t\n\t\t\t\n\n\n\t\t<div class=\"icon-box featured-box icon-box-top text-left\"  >\n\t\t\t\t\t<div class=\"icon-box-img\" style=\"width: 84px\">\n\t\t\t\t<div class=\"icon\">\n\t\t\t\t\t<div class=\"icon-inner\" >\n\t\t\t\t\t\t<img loading=\"lazy\" decoding=\"async\" width=\"365\" height=\"364\" src=\"https:\/\/sdrceramiche.it\/wp-content\/uploads\/2023\/11\/eco-sostenibile.png\" class=\"attachment-medium size-medium\" alt=\"\" srcset=\"https:\/\/sdrceramiche.it\/wp-content\/uploads\/2023\/11\/eco-sostenibile.png 365w, https:\/\/sdrceramiche.it\/wp-content\/uploads\/2023\/11\/eco-sostenibile-300x300.png 300w, https:\/\/sdrceramiche.it\/wp-content\/uploads\/2023\/11\/eco-sostenibile-100x100.png 100w, https:\/\/sdrceramiche.it\/wp-content\/uploads\/2023\/11\/eco-sostenibile-50x50.png 50w\" sizes=\"auto, (max-width: 365px) 100vw, 365px\" \/>\t\t\t\t\t<\/div>\n\t\t\t\t<\/div>\n\t\t\t<\/div>\n\t\t\t\t<div class=\"icon-box-text last-reset\">\n\t\t\t\t\t\t\t\t\t\n\n<h1>Eco sostenibili<\/h1>\n<p>REVOLUTION\u00ae \u00e8 ECO SOSTENIBILE. Il 75% del materiale del vaso e il 100% del materiale del bidet \u00e8 riciclabile. Per produrre il vaso si risparmia il 70% di energia combustibile con relative emissioni in atmosfera in tema con il RISPETTO AMBIENTALE.<\/p>\n<p>Il solid surface \u00e8 un materiale avanzato composto da tri-idrato di alluminio e resina acrilica che uniscono resistenza e duttilit\u00e0: questi materiali possono essere colorati, termoformati e assemblati unendo pi\u00f9 elementi con giunte impercettibili, creando applicazioni di ogni dimensione piane o curve, con continuit\u00e0 di forma, che rimangono pressoch\u00e9 inalterate nel tempo.<\/p>\n<p>Grazie alla possibilit\u00e0 di aggiungere e combinare pigmenti colorati durante il processo produttivo (polimerizzazione), si possono ottenere moltissime sfumature diverse:<\/p>\n<p>il risultato sar\u00e0 un prodotto esteticamente impeccabile e chimicamente stabile, con un impatto minimo sulla qualit\u00e0 dell\u2019aria negli ambienti interni.<\/p>\n\n\t\t<\/div>\n\t<\/div>\n\t\n\t\n\n\t\t<\/div>\n\t\t\t\t\t<\/div>\n\n\t\n\n\t<div id=\"col-1968084382\" class=\"col medium-4 small-12 large-4\"  >\n\t\t\t\t<div class=\"col-inner\"  >\n\t\t\t\n\t\t\t\n\n\n\t\t<div class=\"icon-box featured-box icon-box-top text-left\"  >\n\t\t\t\t\t<div class=\"icon-box-img\" style=\"width: 92px\">\n\t\t\t\t<div class=\"icon\">\n\t\t\t\t\t<div class=\"icon-inner\" >\n\t\t\t\t\t\t<img loading=\"lazy\" decoding=\"async\" width=\"309\" height=\"291\" src=\"https:\/\/sdrceramiche.it\/wp-content\/uploads\/2023\/11\/resistente.png\" class=\"attachment-medium size-medium\" alt=\"\" \/>\t\t\t\t\t<\/div>\n\t\t\t\t<\/div>\n\t\t\t<\/div>\n\t\t\t\t<div class=\"icon-box-text last-reset\">\n\t\t\t\t\t\t\t\t\t\n\n<h1>Resistente<\/h1>\n<p>Tutti i prodotti della collezione Revolution\u00ae hanno superato i test di carico statico, come da normativa Europea EN-997, questo significa che il vaso sospeso resiste ad un carico statico applicato di kg. 400 per 24 ore, proprio come un qualunque vaso sospeso in ceramica.<\/p>\n\t<div class=\"img has-hover x md-x lg-x y md-y lg-y\" id=\"image_1978034393\">\n\t\t\t\t\t\t\t\t<div class=\"img-inner dark\" >\n\t\t\t<img loading=\"lazy\" decoding=\"async\" width=\"600\" height=\"680\" src=\"https:\/\/sdrceramiche.it\/wp-content\/uploads\/2023\/11\/resistenza-revolution.png\" class=\"attachment-large size-large\" alt=\"\" srcset=\"https:\/\/sdrceramiche.it\/wp-content\/uploads\/2023\/11\/resistenza-revolution.png 600w, https:\/\/sdrceramiche.it\/wp-content\/uploads\/2023\/11\/resistenza-revolution-441x500.png 441w\" sizes=\"auto, (max-width: 600px) 100vw, 600px\" \/>\t\t\t\t\t\t\n\t\t\t\t\t<\/div>\n\t\t\t\t\t\t\t\t\n<style>\n#image_1978034393 {\n  width: 100%;\n}\n<\/style>\n\t<\/div>\n\t\n\n\n\t\t<\/div>\n\t<\/div>\n\t\n\t\n\n\t\t<\/div>\n\t\t\t\t\t<\/div>\n\n\t\n\n<\/div>\n\n\t\t<\/div>\n\n\t\t\n<style>\n#section_1997101445 {\n  padding-top: 30px;\n  padding-bottom: 30px;\n  background-color: rgb(248, 248, 248);\n}\n<\/style>\n\t<\/section>\n\t\n\n\t<section class=\"section\" id=\"section_1635663167\">\n\t\t<div class=\"section-bg fill\" >\n\t\t\t\t\t\t\t\t\t\n\t\t\t\n\n\t\t<\/div>\n\n\t\t\n\n\t\t<div class=\"section-content relative\">\n\t\t\t\n\n<div class=\"row\"  id=\"row-1495321992\">\n\n\n\t<div id=\"col-2063804890\" class=\"col small-12 large-12\"  >\n\t\t\t\t<div class=\"col-inner\"  >\n\t\t\t\n\t\t\t\n\n<div class=\"container section-title-container\" ><h4 class=\"section-title section-title-center\"><b><\/b><span class=\"section-title-main\" >Informazioni tecniche<\/span><b><\/b><\/h4><\/div>\n\n<div class=\"row\"  id=\"row-2074914898\">\n\n\n\t<div id=\"col-1181280962\" class=\"col medium-3 small-6 large-3\"  >\n\t\t\t\t<div class=\"col-inner\"  >\n\t\t\t\n\t\t\t\n\n\t<div class=\"box has-hover   has-hover box-text-bottom\" >\n\n\t\t<div class=\"box-image\" >\n\t\t\t<a href=\"https:\/\/sdrceramiche.it\/en\/product\/revolution-console-da-75\/\" >\t\t\t<div class=\"image-zoom\" >\n\t\t\t\t<img loading=\"lazy\" decoding=\"async\" width=\"425\" height=\"425\" src=\"https:\/\/sdrceramiche.it\/wp-content\/uploads\/2023\/11\/CONSOLLE-REVOLUTION-BIANCA-LUCIDA-anteprima.jpg\" class=\"attachment- size-\" alt=\"\" srcset=\"https:\/\/sdrceramiche.it\/wp-content\/uploads\/2023\/11\/CONSOLLE-REVOLUTION-BIANCA-LUCIDA-anteprima.jpg 425w, https:\/\/sdrceramiche.it\/wp-content\/uploads\/2023\/11\/CONSOLLE-REVOLUTION-BIANCA-LUCIDA-anteprima-300x300.jpg 300w, https:\/\/sdrceramiche.it\/wp-content\/uploads\/2023\/11\/CONSOLLE-REVOLUTION-BIANCA-LUCIDA-anteprima-100x100.jpg 100w, https:\/\/sdrceramiche.it\/wp-content\/uploads\/2023\/11\/CONSOLLE-REVOLUTION-BIANCA-LUCIDA-anteprima-50x50.jpg 50w\" sizes=\"auto, (max-width: 425px) 100vw, 425px\" \/>\t\t\t\t\t\t\t\t\t\t\t<\/div>\n\t\t\t<\/a>\t\t<\/div>\n\n\t\t<div class=\"box-text text-center\" >\n\t\t\t<div class=\"box-text-inner\">\n\t\t\t\t\n\n<h4><a href=\"\/prodotto\/revolution-console-da-75\/\">Consolle 75<\/a><\/h4>\n<p>In ceramica<\/p>\n\n\t\t\t<\/div>\n\t\t<\/div>\n\t<\/div>\n\t\n\n\t\t<\/div>\n\t\t\t\t\t<\/div>\n\n\t\n\n\t<div id=\"col-1634048087\" class=\"col medium-3 small-6 large-3\"  >\n\t\t\t\t<div class=\"col-inner\"  >\n\t\t\t\n\t\t\t\n\n\t<div class=\"box has-hover   has-hover box-text-bottom\" >\n\n\t\t<div class=\"box-image\" >\n\t\t\t<a href=\"https:\/\/sdrceramiche.it\/en\/product\/revolution-console-da-95\/\" >\t\t\t<div class=\"image-zoom\" >\n\t\t\t\t<img loading=\"lazy\" decoding=\"async\" width=\"425\" height=\"425\" src=\"https:\/\/sdrceramiche.it\/wp-content\/uploads\/2023\/11\/consolle-revolution-da-95-bianco-lucido-anteprima.jpg\" class=\"attachment- size-\" alt=\"\" srcset=\"https:\/\/sdrceramiche.it\/wp-content\/uploads\/2023\/11\/consolle-revolution-da-95-bianco-lucido-anteprima.jpg 425w, https:\/\/sdrceramiche.it\/wp-content\/uploads\/2023\/11\/consolle-revolution-da-95-bianco-lucido-anteprima-300x300.jpg 300w, https:\/\/sdrceramiche.it\/wp-content\/uploads\/2023\/11\/consolle-revolution-da-95-bianco-lucido-anteprima-100x100.jpg 100w, https:\/\/sdrceramiche.it\/wp-content\/uploads\/2023\/11\/consolle-revolution-da-95-bianco-lucido-anteprima-50x50.jpg 50w\" sizes=\"auto, (max-width: 425px) 100vw, 425px\" \/>\t\t\t\t\t\t\t\t\t\t\t<\/div>\n\t\t\t<\/a>\t\t<\/div>\n\n\t\t<div class=\"box-text text-center\" >\n\t\t\t<div class=\"box-text-inner\">\n\t\t\t\t\n\n<h4><a href=\"\/prodotto\/revolution-console-da-95\/\">Consolle 95<\/a><\/h4>\n<p>In ceramica<\/p>\n\n\t\t\t<\/div>\n\t\t<\/div>\n\t<\/div>\n\t\n\n\t\t<\/div>\n\t\t\t\t\t<\/div>\n\n\t\n\n\t<div id=\"col-556002376\" class=\"col medium-3 small-6 large-3\"  >\n\t\t\t\t<div class=\"col-inner\"  >\n\t\t\t\n\t\t\t\n\n\t<div class=\"box has-hover   has-hover box-text-bottom\" >\n\n\t\t<div class=\"box-image\" >\n\t\t\t<a href=\"https:\/\/sdrceramiche.it\/en\/product\/revolution-wall-hung-wc\/\" >\t\t\t<div class=\"image-zoom\" >\n\t\t\t\t<img loading=\"lazy\" decoding=\"async\" width=\"425\" height=\"425\" src=\"https:\/\/sdrceramiche.it\/wp-content\/uploads\/2023\/11\/REVOLUTION_vaso_sospeso-anteprima.jpg\" class=\"attachment- size-\" alt=\"\" srcset=\"https:\/\/sdrceramiche.it\/wp-content\/uploads\/2023\/11\/REVOLUTION_vaso_sospeso-anteprima.jpg 425w, https:\/\/sdrceramiche.it\/wp-content\/uploads\/2023\/11\/REVOLUTION_vaso_sospeso-anteprima-300x300.jpg 300w, https:\/\/sdrceramiche.it\/wp-content\/uploads\/2023\/11\/REVOLUTION_vaso_sospeso-anteprima-100x100.jpg 100w, https:\/\/sdrceramiche.it\/wp-content\/uploads\/2023\/11\/REVOLUTION_vaso_sospeso-anteprima-50x50.jpg 50w\" sizes=\"auto, (max-width: 425px) 100vw, 425px\" \/>\t\t\t\t\t\t\t\t\t\t\t<\/div>\n\t\t\t<\/a>\t\t<\/div>\n\n\t\t<div class=\"box-text text-center\" >\n\t\t\t<div class=\"box-text-inner\">\n\t\t\t\t\n\n<h4><a href=\"\/prodotto\/revolution-vaso-sospeso\/\">Vaso sospeso<\/a><\/h4>\n<p>Revolution<\/p>\n\n\t\t\t<\/div>\n\t\t<\/div>\n\t<\/div>\n\t\n\n\t\t<\/div>\n\t\t\t\t\t<\/div>\n\n\t\n\n\t<div id=\"col-1424247738\" class=\"col medium-3 small-6 large-3\"  >\n\t\t\t\t<div class=\"col-inner\"  >\n\t\t\t\n\t\t\t\n\n\t<div class=\"box has-hover   has-hover box-text-bottom\" >\n\n\t\t<div class=\"box-image\" >\n\t\t\t<a href=\"https:\/\/sdrceramiche.it\/en\/product\/revolution-wall-hung-bidet\/\" >\t\t\t<div class=\"image-zoom\" >\n\t\t\t\t<img loading=\"lazy\" decoding=\"async\" width=\"425\" height=\"425\" src=\"https:\/\/sdrceramiche.it\/wp-content\/uploads\/2023\/11\/REVOLUTION_bidet_sospeso_panna-anteprima.jpg\" class=\"attachment- size-\" alt=\"\" srcset=\"https:\/\/sdrceramiche.it\/wp-content\/uploads\/2023\/11\/REVOLUTION_bidet_sospeso_panna-anteprima.jpg 425w, https:\/\/sdrceramiche.it\/wp-content\/uploads\/2023\/11\/REVOLUTION_bidet_sospeso_panna-anteprima-300x300.jpg 300w, https:\/\/sdrceramiche.it\/wp-content\/uploads\/2023\/11\/REVOLUTION_bidet_sospeso_panna-anteprima-100x100.jpg 100w, https:\/\/sdrceramiche.it\/wp-content\/uploads\/2023\/11\/REVOLUTION_bidet_sospeso_panna-anteprima-50x50.jpg 50w\" sizes=\"auto, (max-width: 425px) 100vw, 425px\" \/>\t\t\t\t\t\t\t\t\t\t\t<\/div>\n\t\t\t<\/a>\t\t<\/div>\n\n\t\t<div class=\"box-text text-center\" >\n\t\t\t<div class=\"box-text-inner\">\n\t\t\t\t\n\n<h4><a href=\"\/prodotto\/revolution-bidet-sospeso\/\">Bidet sospeso<\/a><\/h4>\n<p>Revolution<\/p>\n\n\t\t\t<\/div>\n\t\t<\/div>\n\t<\/div>\n\t\n\n\t\t<\/div>\n\t\t\t\t\t<\/div>\n\n\t\n\n<\/div>\n\n\t\t<\/div>\n\t\t\t\t\t<\/div>\n\n\t\n\n\n<style>\n#row-1495321992 > .col > .col-inner {\n  padding: 30px 0px 0px 0px;\n}\n<\/style>\n<\/div>\n\n\t\t<\/div>\n\n\t\t\n<style>\n#section_1635663167 {\n  padding-top: 30px;\n  padding-bottom: 30px;\n}\n<\/style>\n\t<\/section>\n\t\n\n","protected":false},"excerpt":{"rendered":"","protected":false},"author":2,"featured_media":0,"parent":2674,"menu_order":0,"comment_status":"closed","ping_status":"closed","template":"page-transparent-header.php","meta":{"_acf_changed":false,"footnotes":""},"class_list":["post-2683","page","type-page","status-publish","hentry"],"acf":[],"_links":{"self":[{"href":"https:\/\/sdrceramiche.it\/en\/wp-json\/wp\/v2\/pages\/2683","targetHints":{"allow":["GET"]}}],"collection":[{"href":"https:\/\/sdrceramiche.it\/en\/wp-json\/wp\/v2\/pages"}],"about":[{"href":"https:\/\/sdrceramiche.it\/en\/wp-json\/wp\/v2\/types\/page"}],"author":[{"embeddable":true,"href":"https:\/\/sdrceramiche.it\/en\/wp-json\/wp\/v2\/users\/2"}],"replies":[{"embeddable":true,"href":"https:\/\/sdrceramiche.it\/en\/wp-json\/wp\/v2\/comments?post=2683"}],"version-history":[{"count":13,"href":"https:\/\/sdrceramiche.it\/en\/wp-json\/wp\/v2\/pages\/2683\/revisions"}],"predecessor-version":[{"id":7890,"href":"https:\/\/sdrceramiche.it\/en\/wp-json\/wp\/v2\/pages\/2683\/revisions\/7890"}],"up":[{"embeddable":true,"href":"https:\/\/sdrceramiche.it\/en\/wp-json\/wp\/v2\/pages\/2674"}],"wp:attachment":[{"href":"https:\/\/sdrceramiche.it\/en\/wp-json\/wp\/v2\/media?parent=2683"}],"curies":[{"name":"wp","href":"https:\/\/api.w.org\/{rel}","templated":true}]}}